{"id":3,"date":"2020-03-24T13:08:40","date_gmt":"2020-03-24T13:08:40","guid":{"rendered":"https:\/\/useo-tech.com\/gdl\/?page_id=3"},"modified":"2024-05-13T12:18:46","modified_gmt":"2024-05-13T12:18:46","slug":"privacy-policy","status":"publish","type":"page","link":"https:\/\/gdl-me.com\/it\/privacy-policy\/","title":{"rendered":"Politica dei cookie e Privacy"},"content":{"rendered":"\n<h3 class=\"wp-block-heading\"><strong>PREMESSA:<\/strong><\/h3>\n\n\n\n<p>Il Garante della Privacy ha recepito una direttiva europea che impone agli amministratori delle pagine web di mostrare ai visitatori un banner che li informa di quale sia lo politica dei <strong>cookie<\/strong> del sito che stanno consultando e di subordinare la sua accettazione al proseguimento della navigazione.<\/p>\n\n\n\n<p>I <strong>cookie<\/strong> sono stringhe di testo di piccole dimensioni che i siti visitati dall&#8217;utente inviano al suo terminale (solitamente al browser), dove vengono memorizzati per essere poi ritrasmessi agli stessi siti alla successiva visita del medesimo utente. Nel corso della navigazione su un sito, l&#8217;utente pu\u00f2 ricevere sul suo terminale anche <strong>cookie<\/strong> che vengono inviati da siti o da web server diversi (c.d. &#8220;terze parti&#8221;), sui quali possono risiedere alcuni elementi (quali, ad esempio, immagini, mappe, suoni, specifici link a pagine di altri domini) presenti sul sito che lo stesso sta visitando.<\/p>\n\n\n\n<p>I <strong>cookie<\/strong>, solitamente presenti nei browser degli utenti in numero molto elevato e a volte anche con caratteristiche di ampia persistenza temporale, sono usati per differenti finalit\u00e0: esecuzione di autenticazioni informatiche, monitoraggio di sessioni, memorizzazione di informazioni su specifiche configurazioni riguardanti gli utenti che accedono al server, ecc.<\/p>\n\n\n\n<p>Il Garante della privacy al fine di giungere ad una corretta regolamentazione della direttiva, ha individuato due macro categorie di cookie di sguito definite:<br><em>cookie tecnici<\/em><br><em>cookie di profilazione<\/em><\/p>\n\n\n\n<h3 class=\"wp-block-heading mtpx-20\">Cookie tecnici<\/h3>\n\n\n\n<p>I cookie tecnici sono quelli utilizzati al solo fine di &#8220;effettuare la trasmissione di una comunicazione su una rete di comunicazione elettronica, o nella misura strettamente necessaria al fornitore di un servizio della societ\u00e0 dell&#8217;informazione esplicitamente richiesto dall&#8217;abbonato o dall&#8217;utente a erogare tale servizio&#8221; (cfr. art. 122, comma 1, del Codice).<\/p>\n\n\n\n<p>Essi non vengono utilizzati per scopi ulteriori e sono normalmente installati direttamente dal titolare o gestore del sito web. Possono essere suddivisi in cookie di navigazione o di sessione, che garantiscono la normale navigazione e fruizione del sito web (permettendo, ad esempio, di realizzare un acquisto o autenticarsi per accedere ad aree riservate); cookie analytics, assimilati ai cookie tecnici laddove utilizzati direttamente dal gestore del sito per raccogliere informazioni, in forma aggregata, sul numero degli utenti e su come questi visitano il sito stesso; cookie di funzionalit\u00e0, che permettono all&#8217;utente la navigazione in funzione di una serie di criteri selezionati (ad esempio, la lingua, i prodotti selezionati per l&#8217;acquisto) al fine di migliorare il servizio reso allo stesso.<\/p>\n\n\n\n<p>Per l&#8217;installazione di tali cookie non \u00e8 richiesto il preventivo consenso degli utenti, mentre resta fermo l&#8217;obbligo di dare l&#8217;informativa ai sensi dell&#8217;art. 13 del Codice.<\/p>\n\n\n\n<h3 class=\"wp-block-heading mtpx-20\">Cookie di profilazione<\/h3>\n\n\n\n<p>I cookie di profilazione sono volti a creare profili relativi all&#8217;utente e vengono utilizzati al fine di inviare messaggi pubblicitari in linea con le preferenze manifestate dallo stesso nell&#8217;ambito della navigazione in rete. In ragione della particolare invasivit\u00e0 che tali dispositivi possono avere nell&#8217;ambito della sfera privata degli utenti, la normativa europea e italiana prevede che l&#8217;utente debba essere adeguatamente informato sull&#8217;uso degli stessi ed esprimere cos\u00ec il proprio valido consenso.<\/p>\n\n\n\n<p>Ad essi si riferisce l&#8217;art. 122 del Codice laddove prevede che &#8220;l&#8217;archiviazione delle informazioni nell&#8217;apparecchio terminale di un contraente o di un utente o l&#8217;accesso a informazioni gi\u00e0 archiviate sono consentiti unicamente a condizione che il contraente o l&#8217;utente abbia espresso il proprio consenso dopo essere stato informato con le modalit\u00e0 semplificate di cui all&#8217;articolo 13, comma 3&#8221; (art. 122, comma 1, del Codice).<\/p>\n\n\n\n<h3 class=\"wp-block-heading mtpx-20\">Soggetti coinvolti nell&#8217;utilizzo dei cookie<\/h3>\n\n\n\n<p>La direttiva distingue altres\u00ec due tipologie di soggetti coinvolti nell&#8217;utilizzo dei cookie presenti sul sito web:<br>il gestore del sito (sintetiamente indicato come l&#8217;editore)<br>un sito che installa cookie di &#8220;terze parti&#8221; per il tramite dell&#8217;editore.<\/p>\n\n\n\n<p>Il Garante ritiene quindi necessario che tale distinzione tra i due soggetti sopra indicati venga tenuta in debito conto anche al fine di individuare correttamente i rispettivi ruoli e le rispettive responsabilit\u00e0, con riferimento al rilascio dell&#8217;informativa e all&#8217;acquisizione del consenso degli utenti online<\/p>\n\n\n\n<h3 class=\"wp-block-heading mtpx-20\">GESTIONE COOKIE GIOCHI DI LUCE:<\/h3>\n\n\n\n<p><strong>Giochi di luce<\/strong>, facendo riferimento a quanto sopra descritto, installa sul terminale dell&#8217;utente solo ed esclusivamente <strong>cookie tecnici<\/strong> e di <strong>terze parti<\/strong>.<br>Nella fattispecie i cookie di terze parti gestiti dal sito sono:<br><br>cookie <strong>Google Analytics<\/strong><br>cookie <strong>Youtube<\/strong><br>cookie <strong>Google maps<\/strong><br>cookie <strong>Facebook<\/strong><\/p>\n\n\n\n<p><strong>Giochi di luce<\/strong>, al fine di informare l&#8217;utente a prendere coscienza di come i siti di terze parti gestiscono la politica dei cookie, elenca di seguito<br>i link di riferimento per le varie informative rilasciate dai siti precedentemente indicati:<\/p>\n\n\n\n<p><a href=\"https:\/\/www.google.com\/intl\/it\/policies\/technologies\/cookies\/\" target=\"_blank\" rel=\"noreferrer noopener\"><strong>informativa Google Analytics<\/strong><\/a><br><a href=\"https:\/\/www.google.com\/intl\/it\/policies\/technologies\/cookies\/\" target=\"_blank\" rel=\"noreferrer noopener\"><strong>informativa Youtube<\/strong><\/a><br><a href=\"https:\/\/www.google.com\/intl\/it\/policies\/technologies\/cookies\/\" target=\"_blank\" rel=\"noreferrer noopener\"><strong>informativa Google Maps<\/strong><\/a><br><a href=\"https:\/\/it-it.facebook.com\/help\/cookies\/?ref=sitefooter\" target=\"_blank\" rel=\"noreferrer noopener\"><strong>informativa Facebook<\/strong><\/a><\/p>\n\n\n\n<p><strong>Giochi di luce<\/strong> inoltre, non avendo nessun controllo sui cookie di terze parti, e al fine di agevolare l&#8217;utente che non volesse l&#8217;accettazione di tali cookie, indica di seguito i link di riferimento su come disabilitare i cookie stessi sui browser pi\u00f9 comunemente diffusi:<\/p>\n\n\n\n<p>Ulteriori informazioni sulla disabilitazione dei cookie su <a href=\"https:\/\/support.mozilla.org\/it\/kb\/Attivare%20e%20disattivare%20i%20cookie\" target=\"_blank\" rel=\"noreferrer noopener\"><strong>Firefox<\/strong><\/a><\/p>\n\n\n\n<p>Ulteriori informazioni sulla disabilitazione dei cookie su <a href=\"http:\/\/www.google.com\/policies\/technologies\/managing\/\" target=\"_blank\" rel=\"noreferrer noopener\"><strong>Chrome<\/strong><\/a><\/p>\n\n\n\n<p>Ulteriori informazioni sulla disabilitazione dei cookie su <a href=\"http:\/\/windows.microsoft.com\/it-it\/internet-explorer\/delete-manage-cookies#ie=ie-11\" target=\"_blank\" rel=\"noreferrer noopener\"><strong>Internet Explorer<\/strong><\/a><\/p>\n\n\n\n<p>Ulteriori informazioni sulla disabilitazione dei cookie su <a href=\"http:\/\/support.apple.com\/kb\/HT1677?viewlocale=it_IT&amp;locale=it_IT\" target=\"_blank\" rel=\"noreferrer noopener\"><strong>Safari<\/strong><\/a><\/p>\n\n\n\n<p>Ulteriori informazioni sulla disabilitazione dei cookie su<a href=\"http:\/\/help.opera.com\/Mac\/12.10\/it\/cookies.html\" target=\"_blank\" rel=\"noreferrer noopener\"><strong>Opera<\/strong><\/a><strong><u><\/u><\/strong><\/p>\n\n\n\n<h2 class=\"wp-block-heading mtpx-20\">GDPR &#8211; Disclaimer Privacy<\/h2>\n\n\n\n<h3 class=\"wp-block-heading mtpx-20\">LA PRIVACY POLICY DI QUESTO SITO &#8211; LO SCOPO DELL&#8217;INFORMATIVA<\/h3>\n\n\n\n<p>Lo scopo di questa pagina \u00e8 descrivere le modalit\u00e0 di gestione del sito in riferimento al trattamento dei dati personali degli utenti che lo consultano,<br>i quali saranno trattati secondo regole di liceit\u00e0, corretteza, pertinenza e non eccedenza.<\/p>\n\n\n\n<p>Si tratta di un&#8217;informativa che \u00e8 resa ai sensi degli art. 13 e 14 del nuovo regolamento europeo in materia di protezione dei dati personali <strong>GDPR &#8211; UE n.679\/16<\/strong> a coloro che interagiscono con i servizi web di <strong>Giochi di luce srl<\/strong>, accessibili via internet a partire dall&#8217;indirizzo: www.giochidiluce.it, corrispondente alla pagina iniziale del sito ufficiale di <strong>Giochi di luce srl<\/strong>.<\/p>\n\n\n\n<p>L&#8217;informativa \u00e8 resa solo per il sito di <strong>Giochi di luce srl<\/strong> e non anche per altri siti web eventualmente consultati dall&#8217;utente tramite link<\/p>\n\n\n\n<p>L&#8217;informativa viene fornita secondo il considerando [58] della UE n. 679\/16 ed il considerando [67] e secondo una valutazione del rischio secondo le linee guida in materia di valutazione d&#8217;impatto sulla protezione dei dati e determinazione della possibilit\u00e0 che il trattamento &#8220;possa presentare un rischio elevato&#8221; ai fini del regolamento (UE) 2016\/67 &#8211; WP 248 del gruppo di lavoro articolo 29 per la protezione dei dati per chiarire le modalit\u00e0, i tempi e la natura delle informazioni che i titolari del trattamento devono fornire agli utenti quando questi si collegano a pagine web, indipendentemente dagli scopi del collegamento (principio di Trasparenza del GDPR).<\/p>\n\n\n\n<h3 class=\"wp-block-heading mtpx-20\">LUOGO DI TRATTAMENTO DEI DATI<\/h3>\n\n\n\n<p>I trattamenti connessi ai servizi web di questo sito hanno luogo presso la sede di <strong>Giochi di luce srl<\/strong> o del fornitore preposto ai servizi Internet o di hosting\/housing del nostro sito e sono curati solo da personale tecnico dell&#8217;ufficio incaricato del trattamento, oppure da eventuali incaricati di occasionali operazioni di manutenzione.<\/p>\n\n\n\n<p>Il trattamento dei dati avviene sulla base della loro conservazione in archivi informatici, il cui accesso ai dati si limita alle procedure di manutenzione in conformit\u00e0 a quanto previsto dall&#8217;allegato B (ex D.lgs 196\/03).<\/p>\n\n\n\n<p>Nessun dato derivante dal servizio web viene comunicato o diffuso.<\/p>\n\n\n\n<p>I dati personali forniti dagli utenti che inoltrano richieste (newsletter, richieste di informazioni, cataloghi, ecc&#8230;) sono utilizzati al solo fine di eseguire il servizio o la prestazione richiesta e sono comunicati a terzi nel solo caso in cui ci\u00f2 sia a tal fine necessario (servizi di spedizione di <strong>Giochi di luce srl<\/strong>). Ogni altra finalit\u00e0 sar\u00e0 oggetto di specifica informativa resa agli interessati ai sensi degli art.13 e 14 del GDPR.<\/p>\n\n\n\n<h3 class=\"wp-block-heading mtpx-20\">TIPI DI DATI TRATTATI<\/h3>\n\n\n\n<p><strong>dati di navigazione<\/strong><\/p>\n\n\n\n<p>I sistemi informatici e le procedure software preposte al funzionamento di questo sito web acquisiscono, nel corso del loro normale esercizio, alcuni dati personali (c.d. log files) la cui trasmissione \u00e8 implicita nell&#8217;uso dei protocolli di comunicazione di internet.<\/p>\n\n\n\n<p>Si tratta di informazioni che non sono raccolte per essere associate a interessati identificati, ma per la loro stessa natura potrebbero, attraverso elaborazioni ed associazioni con dati detenuti da terzi, permettere di identificare gli utenti.<\/p>\n\n\n\n<p>In questa categoria di dati rientrano gli indirizzi IP o i nomi a dominio dei computer utilizzati dagli utenti che si connettono al sito, gli indirizzi in notazione URI (Uniform Resource Identifier) delle risorse richieste, l&#8217;orario della richiesta, il metodo utilizzato nel sottoporre la richiesta al server, la dimensione del file ottenuto in risposta, il codice numerico indicante lo stato della risposta data dal server (buon fine, errore, ecc..) ed altri parametri relativi al sistema operativo e all&#8217;ambiente informatico dell&#8217;utente.<\/p>\n\n\n\n<p>Questi dati vengono utilizzati al solo fine di ricavare informazioni statistiche anonime sull&#8217;uso del sito e per controllarne il corretto funzionamento. I dati potrebbero essere utilizzati per l&#8217;accertamento di responsabilit\u00e0 in caso di ipotetici reati informatici ai danni del sito e potranno essere esibiti all&#8217;Autorit\u00e0 Giudiziaria, qualora questa ne faccia esplicita richiesta.<\/p>\n\n\n\n<h3 class=\"wp-block-heading mtpx-20\">dati forniti volontariamente dall&#8217;utente<\/h3>\n\n\n\n<p>L&#8217;invio facoltativo, esplicito e volontario di posta elettronica agli indirizzi indicati su questo sito comporta la sucessiva acquisizione dell&#8217;indirizzo del mittente, necessario per rispondere alle richieste, nonch\u00e8 degli eventuali altri dati personali inseriti nella missiva. Specifiche informative art.13 verranno progressivamente riportate o visualizzate nelle pagine del sito predisposte per particolari servizi a richiesta.<\/p>\n\n\n\n<h3 class=\"wp-block-heading mtpx-20\">COOKIES<\/h3>\n\n\n\n<p>Nessun dato personale degli utenti viene in proposito acquisito dal sito<\/p>\n\n\n\n<p>Non viene fatto uso di cookies per la trasmissione di informazioni di carattere personale, n\u00e8 vengono utilizzati sistemi per il tracciamento e l&#8217;identificazione degli utenti.<\/p>\n\n\n\n<p>L&#8217;uso di c.d. cookies \u00e8 strettamente limitato alla trasmissione di identificativi di sessione (costituiti da numeri casuali generati dal server) necessari per consentire l&#8217;esplorazione sicura ed efficente del sito ed utilizzati ai fini statistici per la rilevazione dei visitatori unici mensili.<\/p>\n\n\n\n<p>Il cookie pu\u00f2 essere eliminato dal navigatore utilizzando le funzioni del proprio programma di navigazione.<\/p>\n\n\n\n<h3 class=\"wp-block-heading mtpx-20\">COOKIES DI PROFILAZIONE O FINALIZZATI AL MARKETING<\/h3>\n\n\n\n<p>Non viene fatto uso di cookies diversi da quelli tecnici; cio\u00e8 non viene fatto uso di cookies di profilazione degli utenti che accedono al sito ne di cookies per attivit\u00e0 commerciali e di maketing. Tale specificazione \u00e8 resa in ottemperanza al Provvedimento del Garante Privacy &#8221; Individuazione delle modalit\u00e0 semplificate per l&#8217;informativa e l&#8217;acquisizione del consenso per l&#8217;uso dei cookies&#8221; &#8211; 8 Maggio 2014 (pubblicato sulla Gazzetta Ufficiale N. 126 del 3 Giugno 2014).<\/p>\n\n\n\n<h3 class=\"wp-block-heading mtpx-20\">FACOLTATIVIT\u00c0 DEL CONFERIMENTO DEI DATI<\/h3>\n\n\n\n<p>A parte quanto specificato per i dati di navigazione, l&#8217;utente \u00e8 libero di fornire i dati personali riportati negli eventuali moduli di richiesta di <strong>Giochi di luce srl<\/strong> o comunque indicati in contatti con l&#8217;ufficio per richiedere informazioni, preventivi o quant&#8217;altro.<\/p>\n\n\n\n<p>Il loro mancato conferimento pu\u00f2 comportare l&#8217;impossibilit\u00e0 di ottenere quanto richiesto.<\/p>\n\n\n\n<p>Per completezza va ricordato che in alcuni casi (non oggetto dell&#8217;ordinaria gestione di questo sito) l&#8217;Autorit\u00e0 pu\u00f2 richiedere notizie e informazioni ai sensi dell&#8217;art. 157 dell&#8217;ex D.lgs. n. 196\/2003 e secondo GDPR, ai fini del controllo sul trattamento dei dati personali. In questi casi la risposta \u00e8 obbligatoria a pena di sanzione amministrativa.<\/p>\n\n\n\n<h3 class=\"wp-block-heading mtpx-20\">AUTORIZZAZIONI AL TRATTAMENTO<\/h3>\n\n\n\n<p> <p class=\"MsoNormal\" style=\"mso-margin-top-alt:auto;mso-margin-bottom-alt:auto;\nline-height:normal\"><span lang=\"IT\" style=\"font-size:12.0pt;font-family:&quot;Times New Roman&quot;,serif;\nmso-fareast-font-family:&quot;Times New Roman&quot;;mso-font-kerning:0pt;mso-ligatures:\nnone;mso-fareast-language:IT\">I dati raccolti tramite le form web di questo sito sono oggetto di trattamento da parte degli &#8220;Incaricati al trattamento dei dati personali&#8221; di <b>Giochi di luce srl<\/b> nella maniera e nelle modalit\u00e0 stabilite dal nostro &#8220;Responsabile del trattamento&#8221; secondo le norme stabilite dal nostro &#8220;Titolare del trattamento&#8221; ed in ottemperanza alla normativa vigente <b>(GDPR UE n. 679\/16)<\/b> garantendo i diritti di liceit\u00e0, correttezza, riservatezza.<\/span><\/p> <p class=\"MsoNormal\" style=\"mso-margin-top-alt:auto;mso-margin-bottom-alt:auto;\nline-height:normal\"><span lang=\"IT\" style=\"font-size:12.0pt;font-family:&quot;Times New Roman&quot;,serif;\nmso-fareast-font-family:&quot;Times New Roman&quot;;mso-font-kerning:0pt;mso-ligatures:\nnone;mso-fareast-language:IT\">Le autorizzazioni al trattamento sono monitorate dal &#8220;Responsabile della protezione dei dati&#8221; (RPD), altrimenti detto &#8220;Data Protection Officer&#8221; della ragione sociale <b>Giochi di luce srl<\/b>. <\/span><\/p><\/p>\n\n\n\n<h3 class=\"wp-block-heading mtpx-20\">COMUNICAZIONE E DIFFUSIONE<\/h3>\n\n\n\n<p>I vostri dati potranno essere oggetto di comunicazione (anche all&#8217;estero) presso societ\u00e0 controllate e collegate in qualsiasi forma giuridica a <strong>Giochi di luce srl<\/strong>; la tutela dei vostri dati sar\u00e0 comunque garantita tramite regolamentazione del trattamento (formalizzazione di responsabilit\u00e0 in outsourcing ed incarichi).<\/p>\n\n\n\n<h3 class=\"wp-block-heading mtpx-20\">TRASFERIMENTO DEI DATI IN PAESI EXTRA-UE<\/h3>\n\n\n\n<p>Non \u00e8 previsto alcun trasferimento dei dati personali raccolti in paesi Extra-UE.<\/p>\n\n\n\n<h3 class=\"wp-block-heading mtpx-20\">PERIODO DI CONSERVAZIONE DEI DATI RACCOLTI<\/h3>\n\n\n\n<p>I dati personali raccolti per le finalit\u00e0 sopra esposte saranno conservati presso la nostra societ\u00e0 per il tempo necessario previsto per le attivit\u00e0 afferenti e per i periodi previsti dalla legge, dopodich\u00e8 verranno distrutti (diritto all&#8217;oblio) o resi in forma anonima (pseudonimizzazione) se necessari per finalit\u00e0 statistiche o di storicizzazione.<\/p>\n\n\n\n<h3 class=\"wp-block-heading mtpx-20\">DIRITTI DEGLI INTERESSATI<\/h3>\n\n\n\n<p>In relazione ai predetti trattamenti potranno essere esercitati i diritti di cui agli artt. 15, 16, 17, 18 e 19 del GDPR UE n. 679\/16 (diritti di accesso, rettifica\/cancellazione\/limitazione da parte del Titolare del trattamento). Le richieste dell&#8217;esercizio dei diritti vanno inoltrate a <strong>Giochi di luce srl<\/strong> all&#8217;indirizzo aziendale <strong>privacy(at)giochidiluce(dot)it<\/strong>.<\/p>\n\n\n\n<h3 class=\"wp-block-heading mtpx-20\">RIFERIMENTI NOMINATIVI DELLA NOSTRA TITOLARIT\u00c0<\/h3>\n\n\n\n<h3 class=\"wp-block-heading mtpx-20\">MICHELE IMERIO DUCHI<\/h3>\n\n\n\n<p>in qualit\u00e0 di Legale rappresentante della ragione sociale <strong>Giochi di luce srl<\/strong>, autonoma &#8220;Titolare del Trattamento&#8221; (TDT) dei dati personali,<\/p>\n\n\n\n<h3 class=\"wp-block-heading mtpx-20\">PARIDE BOTTAJOLI<\/h3>\n\n\n\n<p>in qualit\u00e0 di &#8220;Responsabile del Trattamento dei Dati Personali&#8221; (RDT) della ragione sociale <strong>Giochi di luce srl<\/strong>.<\/p>\n","protected":false},"excerpt":{"rendered":"<p>PREMESSA: Il Garante della Privacy ha recepito una direttiva europea che impone agli amministratori delle pagine web di mostrare ai visitatori un banner che li informa di quale sia lo politica dei cookie del sito che stanno consultando e di subordinare la sua accettazione al proseguimento della navigazione. I cookie sono stringhe di testo di [&hellip;]<\/p>\n","protected":false},"author":1,"featured_media":54,"parent":0,"menu_order":0,"comment_status":"closed","ping_status":"open","template":"","meta":{"_acf_changed":false,"footnotes":""},"class_list":["post-3","page","type-page","status-publish","has-post-thumbnail","hentry"],"acf":[],"_links":{"self":[{"href":"https:\/\/gdl-me.com\/it\/wp-json\/wp\/v2\/pages\/3","targetHints":{"allow":["GET"]}}],"collection":[{"href":"https:\/\/gdl-me.com\/it\/wp-json\/wp\/v2\/pages"}],"about":[{"href":"https:\/\/gdl-me.com\/it\/wp-json\/wp\/v2\/types\/page"}],"author":[{"embeddable":true,"href":"https:\/\/gdl-me.com\/it\/wp-json\/wp\/v2\/users\/1"}],"replies":[{"embeddable":true,"href":"https:\/\/gdl-me.com\/it\/wp-json\/wp\/v2\/comments?post=3"}],"version-history":[{"count":9,"href":"https:\/\/gdl-me.com\/it\/wp-json\/wp\/v2\/pages\/3\/revisions"}],"predecessor-version":[{"id":1216,"href":"https:\/\/gdl-me.com\/it\/wp-json\/wp\/v2\/pages\/3\/revisions\/1216"}],"wp:featuredmedia":[{"embeddable":true,"href":"https:\/\/gdl-me.com\/it\/wp-json\/wp\/v2\/media\/54"}],"wp:attachment":[{"href":"https:\/\/gdl-me.com\/it\/wp-json\/wp\/v2\/media?parent=3"}],"curies":[{"name":"wp","href":"https:\/\/api.w.org\/{rel}","templated":true}]}}