{"id":1218,"date":"2024-05-14T05:42:46","date_gmt":"2024-05-14T05:42:46","guid":{"rendered":"https:\/\/gdl-me.com\/it\/?page_id=1218"},"modified":"2024-05-14T05:57:45","modified_gmt":"2024-05-14T05:57:45","slug":"whistleblowing","status":"publish","type":"page","link":"https:\/\/gdl-me.com\/it\/whistleblowing\/","title":{"rendered":"Whistleblowing"},"content":{"rendered":"\n<p>Questo spazio \u00e8 a disposizione di Dipendenti, Fornitori, Clienti ed ogni parte terza che lo ritenga necessario.<br>E\u2019 possibile inviare segnalazioni riguardanti comportamenti sospetti o eventi illeciti che possono costituire illeciti sia normativi che violazioni del codice etico aziendale.<br>Alle eventuali segnalazioni effettuate in questa area \u00e8 applicata, a tutela del segnalante, la massima garanzia di riservatezza.<br>GIOCHI DI LUCE S.r.l. si \u00e8 a tal fine dotata di un sistema di segnalazione Whistleblowing, il quale \u00e8 organizzato attraverso una specifica procedura e un canale alternativo di comunicazione\/segnalazione, idoneo a garantire la riservatezza dell\u2019identit\u00e0 del segnalante.<br>Tali eventuali segnalazioni sono prese in carico rispettando tutte le regole in termini di privacy, in conformit\u00e0 al D.lgs.196\/2003, al GDPR (Regolamento UE 2016\/679), e alla tutela dei segnalanti<br>Infine si rende noto che segnalare e diffondere fatti o condotte consapevolmente mendaci e calunniose nei confronti di terzi configura illecito anche penalmente rilevante.<\/p>\n\n\n\n<div class=\"wp-block-buttons is-layout-flex wp-block-buttons-is-layout-flex\">\n<div class=\"wp-block-button\"><a class=\"wp-block-button__link wp-element-button\" href=\"https:\/\/wbx.bmsec.it\/giochidiluce\" target=\"_blank\" rel=\"noreferrer noopener\">Accedi all&#8217;area dedicata<\/a><\/div>\n<\/div>\n","protected":false},"excerpt":{"rendered":"<p>Questo spazio \u00e8 a disposizione di Dipendenti, Fornitori, Clienti ed ogni parte terza che lo ritenga necessario.E\u2019 possibile inviare segnalazioni riguardanti comportamenti sospetti o eventi illeciti che possono costituire illeciti sia normativi che violazioni del codice etico aziendale.Alle eventuali segnalazioni effettuate in questa area \u00e8 applicata, a tutela del segnalante, la massima garanzia di riservatezza.GIOCHI [&hellip;]<\/p>\n","protected":false},"author":1,"featured_media":54,"parent":0,"menu_order":0,"comment_status":"closed","ping_status":"open","template":"","meta":{"_acf_changed":false,"footnotes":""},"class_list":["post-1218","page","type-page","status-publish","has-post-thumbnail","hentry"],"acf":[],"_links":{"self":[{"href":"https:\/\/gdl-me.com\/it\/wp-json\/wp\/v2\/pages\/1218","targetHints":{"allow":["GET"]}}],"collection":[{"href":"https:\/\/gdl-me.com\/it\/wp-json\/wp\/v2\/pages"}],"about":[{"href":"https:\/\/gdl-me.com\/it\/wp-json\/wp\/v2\/types\/page"}],"author":[{"embeddable":true,"href":"https:\/\/gdl-me.com\/it\/wp-json\/wp\/v2\/users\/1"}],"replies":[{"embeddable":true,"href":"https:\/\/gdl-me.com\/it\/wp-json\/wp\/v2\/comments?post=1218"}],"version-history":[{"count":6,"href":"https:\/\/gdl-me.com\/it\/wp-json\/wp\/v2\/pages\/1218\/revisions"}],"predecessor-version":[{"id":1225,"href":"https:\/\/gdl-me.com\/it\/wp-json\/wp\/v2\/pages\/1218\/revisions\/1225"}],"wp:featuredmedia":[{"embeddable":true,"href":"https:\/\/gdl-me.com\/it\/wp-json\/wp\/v2\/media\/54"}],"wp:attachment":[{"href":"https:\/\/gdl-me.com\/it\/wp-json\/wp\/v2\/media?parent=1218"}],"curies":[{"name":"wp","href":"https:\/\/api.w.org\/{rel}","templated":true}]}}